{"id":78,"date":"2022-05-20T18:07:36","date_gmt":"2022-05-20T18:07:36","guid":{"rendered":"https:\/\/www.royalwood.hr\/?page_id=78"},"modified":"2026-04-29T06:25:54","modified_gmt":"2026-04-29T06:25:54","slug":"impressum","status":"publish","type":"page","link":"https:\/\/www.royalwood.hr\/en\/impressum\/","title":{"rendered":"Impressum"},"content":{"rendered":"<p>[et_pb_section fb_built=&#8221;1&#8243; admin_label=&#8221;Header&#8221; _builder_version=&#8221;4.17.4&#8243; _module_preset=&#8221;default&#8221; background_color=&#8221;#2E5B61&#8243; use_background_color_gradient=&#8221;on&#8221; background_color_gradient_stops=&#8221;#d6834f 25%|rgba(46,91,97,0) 100%&#8221; background_color_gradient_overlays_image=&#8221;on&#8221; background_image=&#8221;https:\/\/www.royalwood.hr\/wp-content\/uploads\/2022\/05\/Slider-Royal-Wood-4.jpg&#8221; custom_padding=&#8221;||0px||false|false&#8221; locked=&#8221;off&#8221; collapsed=&#8221;off&#8221; global_colors_info=&#8221;{}&#8221;][et_pb_row _builder_version=&#8221;4.17.3&#8243; _module_preset=&#8221;default&#8221; width=&#8221;50%&#8221; width_tablet=&#8221;80%&#8221; width_phone=&#8221;80%&#8221; width_last_edited=&#8221;on|tablet&#8221; global_colors_info=&#8221;{}&#8221;][et_pb_column type=&#8221;4_4&#8243; _builder_version=&#8221;4.17.1&#8243; _module_preset=&#8221;default&#8221; global_colors_info=&#8221;{}&#8221;][et_pb_text _builder_version=&#8221;4.17.4&#8243; _module_preset=&#8221;default&#8221; header_font=&#8221;Cormorant Garamond|700|||||||&#8221; header_text_color=&#8221;#E1ECEA&#8221; header_font_size=&#8221;90px&#8221; header_line_height=&#8221;1.1em&#8221; text_orientation=&#8221;center&#8221; custom_margin=&#8221;||0px||false|false&#8221; header_font_size_tablet=&#8221;40px&#8221; header_font_size_phone=&#8221;24px&#8221; header_font_size_last_edited=&#8221;on|desktop&#8221; global_colors_info=&#8221;{}&#8221;]<\/p>\n<h1>Impressum<\/h1>\n<p>[\/et_pb_text][\/et_pb_column][\/et_pb_row][et_pb_row _builder_version=&#8221;4.17.3&#8243; _module_preset=&#8221;default&#8221; position_origin_a=&#8221;bottom_center&#8221; width=&#8221;100%&#8221; max_width=&#8221;100%&#8221; custom_padding=&#8221;||0px||false|false&#8221; locked=&#8221;off&#8221; global_colors_info=&#8221;{}&#8221;][et_pb_column type=&#8221;4_4&#8243; _builder_version=&#8221;4.17.3&#8243; _module_preset=&#8221;default&#8221; global_colors_info=&#8221;{}&#8221;][et_pb_image src=&#8221;https:\/\/www.royalwood.hr\/wp-content\/uploads\/2022\/05\/therapy-54.png&#8221; title_text=&#8221;therapy-54&#8243; force_fullwidth=&#8221;on&#8221; _builder_version=&#8221;4.17.3&#8243; _module_preset=&#8221;default&#8221; global_colors_info=&#8221;{}&#8221;][\/et_pb_image][\/et_pb_column][\/et_pb_row][\/et_pb_section][et_pb_section fb_built=&#8221;1&#8243; admin_label=&#8221;Services&#8221; _builder_version=&#8221;4.17.3&#8243; _module_preset=&#8221;default&#8221; background_image=&#8221;https:\/\/www.royalwood.hr\/wp-content\/uploads\/2022\/05\/therapy-31.png&#8221; background_size=&#8221;initial&#8221; background_position=&#8221;center_right&#8221; collapsed=&#8221;off&#8221; global_colors_info=&#8221;{}&#8221;][et_pb_row _builder_version=&#8221;4.17.3&#8243; _module_preset=&#8221;default&#8221; width=&#8221;60%&#8221; width_tablet=&#8221;80%&#8221; width_phone=&#8221;80%&#8221; width_last_edited=&#8221;on|tablet&#8221; global_colors_info=&#8221;{}&#8221;][et_pb_column type=&#8221;4_4&#8243; _builder_version=&#8221;4.17.1&#8243; _module_preset=&#8221;default&#8221; global_colors_info=&#8221;{}&#8221;][et_pb_text _builder_version=&#8221;4.27.6&#8243; _module_preset=&#8221;default&#8221; hover_enabled=&#8221;0&#8243; global_colors_info=&#8221;{}&#8221; sticky_enabled=&#8221;0&#8243;]<\/p>\n<p><strong>ROYAL WOOD<\/strong> dru\u0161tvo s ograni\u010denom odgovorno\u0161\u0107u za preradu i trgovinu drvom<br \/><strong>ROYAL WOOD d.o.o.<\/strong><\/p>\n<p><strong>Sjedi\u0161te: Punikve<\/strong> 108, Punikve, HR-42240 IVANEC<\/p>\n<p>Provedba upisa: Trgova\u010dki sud u Vara\u017edinu objavljuje upis promjena tvrtke, promjena skra\u0107ene tvrtke, promjena sjedi\u0161ta, promjena djelatnosti unutar predmeta poslovanja, promjena \u010dlana dru\u0161tva, promjena \u010dlana uprave, promjena odredbi izjave o osnivanju, u Sudski registar proveden kod ovoga suda po rje\u0161enju pod poslovnim brojem Tt-17\/5347-3 od 27. prosinca 2017. godine, redni broj upisa 4, za subjekt upisa s mati\u010dnim brojem (MBS): 070099480, osobnim identifikacijskim brojem (OIB): 42471585610, pod tvrtkom\/nazivom: ROYAL WOOD dru\u0161tvo s ograni\u010denom odgovorno\u0161\u0107u za preradu i trgovinu drvom, sa sjedi\u0161tem u: Ivanec (Grad Ivanec), Trg hrvatskih Ivanovaca 10<br \/>Trgova\u010dki sud u Vara\u017edinu objavljuje upis promjena sjedi\u0161ta, opoziv prokure, promjena odredbi izjave o osnivanju, u Sudski registar proveden kod ovoga suda po rje\u0161enju pod poslovnim brojem Tt-22\/291-2 od 28. sije\u010dnja 2022. godine, redni broj upisa 7, za subjekt upisa s mati\u010dnim brojem (MBS): 070099480, osobnim identifikacijskim brojem (OIB): 42471585610, europskim jedinstvenim identifikatorom (EUID): HRSR.070099480, pod tvrtkom\/nazivom: ROYAL WOOD dru\u0161tvo s ograni\u010denom odgovorno\u0161\u0107u za preradu i trgovinu drvom, sa sjedi\u0161tem u: Punikve (Grad Ivanec), Punikve 108:<\/p>\n<p><strong>Temeljni kapital:<\/strong> 28.200,00 euro<\/p>\n<p><strong>Poslovna banka:<\/strong> ZAGREBA\u010cKA BANKA d.d. Zagreb<\/p>\n<p><strong>IBAN:<\/strong> HR2023600001102589504<\/p>\n<p><strong>OIB (VAT ID):<\/strong> HR 42471585610<\/p>\n<p><strong>EUID:<\/strong> HRSR.070099480<\/p>\n<p><strong>Uprava:<\/strong> Tomislav Levani\u0107, direktor, zastupa dru\u0161tvo pojedina\u010dno i samostalno<\/p>\n<p>&nbsp;<\/p>\n<p>[\/et_pb_text][\/et_pb_column][\/et_pb_row][\/et_pb_section][et_pb_section fb_built=&#8221;1&#8243; admin_label=&#8221;Call to Action&#8221; _builder_version=&#8221;4.17.4&#8243; _module_preset=&#8221;default&#8221; background_color=&#8221;#42281c&#8221; overflow-x=&#8221;hidden&#8221; custom_padding=&#8221;0px||0px||false|false&#8221; locked=&#8221;off&#8221; collapsed=&#8221;off&#8221; global_colors_info=&#8221;{}&#8221;][et_pb_row column_structure=&#8221;1_2,1_2&#8243; use_custom_gutter=&#8221;on&#8221; gutter_width=&#8221;1&#8243; make_equal=&#8221;on&#8221; _builder_version=&#8221;4.17.3&#8243; _module_preset=&#8221;default&#8221; custom_padding=&#8221;0px||0px||false|false&#8221; global_colors_info=&#8221;{}&#8221;][et_pb_column type=&#8221;1_2&#8243; _builder_version=&#8221;4.17.3&#8243; _module_preset=&#8221;default&#8221; custom_padding=&#8221;5vw|5vw|5vw||false|false&#8221; custom_padding_tablet=&#8221;|0vw|||false|false&#8221; custom_padding_phone=&#8221;|0vw|||false|false&#8221; custom_padding_last_edited=&#8221;on|tablet&#8221; global_colors_info=&#8221;{}&#8221;][et_pb_text _builder_version=&#8221;4.17.4&#8243; _module_preset=&#8221;default&#8221; header_2_font=&#8221;Cormorant Garamond|700|||||||&#8221; header_2_text_color=&#8221;#E1ECEA&#8221; header_2_font_size=&#8221;42px&#8221; header_2_line_height=&#8221;1.2em&#8221; custom_margin=&#8221;||0px||false|false&#8221; header_2_font_size_tablet=&#8221;32px&#8221; header_2_font_size_phone=&#8221;26px&#8221; header_2_font_size_last_edited=&#8221;on|tablet&#8221; global_colors_info=&#8221;{}&#8221;]<\/p>\n<h2>ROYAL WOOD d.o.o. za preradu i trgovinu drvom, posluje od 2018. godine, a vlasnik i direktor je Tomislav Levani\u0107. <\/h2>\n<p>[\/et_pb_text][et_pb_text _builder_version=&#8221;4.17.4&#8243; _module_preset=&#8221;default&#8221; text_font=&#8221;Inter||||||||&#8221; text_text_color=&#8221;#E1ECEA&#8221; text_font_size=&#8221;18px&#8221; text_line_height=&#8221;1.8em&#8221; custom_margin=&#8221;||30px||false|false&#8221; text_font_size_tablet=&#8221;16px&#8221; text_font_size_phone=&#8221;14px&#8221; text_font_size_last_edited=&#8221;on|tablet&#8221; header_font_size_tablet=&#8221;55px&#8221; header_font_size_last_edited=&#8221;off|desktop&#8221; global_colors_info=&#8221;{}&#8221;]<\/p>\n<p>Na\u0161 osnovni proizvod je piljena gra\u0111a &#8211; samica. Tvrtka ima vlastite specijalne komore poznatih proizvo\u0111a\u010da za su\u0161enje i parenje samice. <\/p>\n<p>Pilana tako\u0111er pru\u017ea i uslugu proreza trupaca za fizi\u010dke i pravne osobe.<\/p>\n<p>Kontinuirano ula\u017eemo u razvoj proizvodnje, izgradnjom objekata i ulaganjem u proizvodnu tehnologiju.<br \/>\nZapo\u0161ljavamo 50-tak stru\u010dnih djelatnika u proizvodnji.\n<\/p>\n<p>[\/et_pb_text][\/et_pb_column][et_pb_column type=&#8221;1_2&#8243; _builder_version=&#8221;4.17.1&#8243; _module_preset=&#8221;default&#8221; global_colors_info=&#8221;{}&#8221;][et_pb_image src=&#8221;https:\/\/www.royalwood.hr\/wp-content\/uploads\/2022\/05\/Dogradnja-skladisnog-prostora-2-rotated.jpg&#8221; title_text=&#8221;Dogradnja skladi\u0161nog prostora (2)&#8221; _builder_version=&#8221;4.17.4&#8243; _module_preset=&#8221;default&#8221; custom_margin=&#8221;|-25vw|||false|false&#8221; global_colors_info=&#8221;{}&#8221;][\/et_pb_image][\/et_pb_column][\/et_pb_row][\/et_pb_section]<\/p>\n","protected":false},"excerpt":{"rendered":"<p>ImpressumROYAL WOOD dru\u0161tvo s ograni\u010denom odgovorno\u0161\u0107u za preradu i trgovinu drvomROYAL WOOD d.o.o. Sjedi\u0161te: Punikve 108, Punikve, HR-42240 IVANEC Provedba upisa: Trgova\u010dki sud u Vara\u017edinu objavljuje upis promjena tvrtke, promjena skra\u0107ene tvrtke, promjena sjedi\u0161ta, promjena djelatnosti unutar predmeta poslovanja, promjena \u010dlana dru\u0161tva, promjena \u010dlana uprave, promjena odredbi izjave o osnivanju, u Sudski registar proveden kod [&hellip;]<\/p>\n","protected":false},"author":1,"featured_media":0,"parent":0,"menu_order":0,"comment_status":"closed","ping_status":"closed","template":"","meta":{"_et_pb_use_builder":"on","_et_pb_old_content":"","_et_gb_content_width":"","footnotes":""},"class_list":["post-78","page","type-page","status-publish","hentry"],"_links":{"self":[{"href":"https:\/\/www.royalwood.hr\/en\/wp-json\/wp\/v2\/pages\/78","targetHints":{"allow":["GET"]}}],"collection":[{"href":"https:\/\/www.royalwood.hr\/en\/wp-json\/wp\/v2\/pages"}],"about":[{"href":"https:\/\/www.royalwood.hr\/en\/wp-json\/wp\/v2\/types\/page"}],"author":[{"embeddable":true,"href":"https:\/\/www.royalwood.hr\/en\/wp-json\/wp\/v2\/users\/1"}],"replies":[{"embeddable":true,"href":"https:\/\/www.royalwood.hr\/en\/wp-json\/wp\/v2\/comments?post=78"}],"version-history":[{"count":5,"href":"https:\/\/www.royalwood.hr\/en\/wp-json\/wp\/v2\/pages\/78\/revisions"}],"predecessor-version":[{"id":271,"href":"https:\/\/www.royalwood.hr\/en\/wp-json\/wp\/v2\/pages\/78\/revisions\/271"}],"wp:attachment":[{"href":"https:\/\/www.royalwood.hr\/en\/wp-json\/wp\/v2\/media?parent=78"}],"curies":[{"name":"wp","href":"https:\/\/api.w.org\/{rel}","templated":true}]}}